{"id":1065,"date":"2022-10-27T12:30:16","date_gmt":"2022-10-27T12:30:16","guid":{"rendered":"https:\/\/trademax.moonly.dev\/declaration-de-confidentialite\/"},"modified":"2023-10-02T09:29:00","modified_gmt":"2023-10-02T09:29:00","slug":"declaration-de-confidentialite","status":"publish","type":"page","link":"https:\/\/trademax.nu\/fr\/declaration-de-confidentialite\/","title":{"rendered":"D\u00e9claration de confidentialit\u00e9"},"content":{"rendered":"\n<p>TradeMax s&rsquo;engage \u00e0 prot\u00e9ger vos donn\u00e9es personnelles. La pr\u00e9sente politique de confidentialit\u00e9 vise \u00e0 fournir des informations claires et transparentes sur la mani\u00e8re dont nous traitons les donn\u00e9es \u00e0 caract\u00e8re personnel. Nous nous engageons \u00e0 respecter votre vie priv\u00e9e et traitons donc les donn\u00e9es personnelles avec soin. TradeMax respecte dans tous les cas les lois et r\u00e8glements applicables, y compris le r\u00e8glement g\u00e9n\u00e9ral sur la protection des donn\u00e9es. Cela implique au moins<\/p>\n\n<ul class=\"wp-block-list\"><li>Traiter vos donn\u00e9es \u00e0 caract\u00e8re personnel conform\u00e9ment \u00e0 la finalit\u00e9 pour laquelle elles ont \u00e9t\u00e9 fournies, ces finalit\u00e9s et types de donn\u00e9es \u00e0 caract\u00e8re personnel \u00e9tant d\u00e9crits dans la pr\u00e9sente politique de protection de la vie priv\u00e9e ;<\/li><li>Le traitement de vos donn\u00e9es personnelles est limit\u00e9 aux donn\u00e9es qui sont minimalement n\u00e9cessaires aux fins pour lesquelles elles sont trait\u00e9es ;<\/li><li>Demander votre consentement explicite si nous en avons besoin pour traiter vos donn\u00e9es \u00e0 caract\u00e8re personnel ;<\/li><li>avoir pris les mesures techniques et organisationnelles appropri\u00e9es pour assurer la s\u00e9curit\u00e9 de vos donn\u00e9es \u00e0 caract\u00e8re personnel ;<\/li><li>Ne pas transmettre les donn\u00e9es \u00e0 caract\u00e8re personnel \u00e0 d&rsquo;autres parties, sauf si cela est n\u00e9cessaire pour atteindre les objectifs pour lesquels elles ont \u00e9t\u00e9 fournies ;<\/li><li>Conna\u00eetre vos droits en mati\u00e8re de donn\u00e9es \u00e0 caract\u00e8re personnel, les faire conna\u00eetre et les respecter.<\/li><\/ul>\n\n<p>En tant que TradeMax, nous sommes responsables du traitement de vos donn\u00e9es personnelles. Si, apr\u00e8s avoir lu notre politique de confidentialit\u00e9, ou de mani\u00e8re plus g\u00e9n\u00e9rale, vous avez des questions \u00e0 ce sujet ou souhaitez nous contacter, vous pouvez le faire \u00e0 l&rsquo;adresse \u00e9lectronique suivante : privacy@trademax.nu.<\/p>\n\n<h2 class=\"wp-block-heading\">Traitement des donn\u00e9es personnelles des clients ou des fournisseurs<\/h2>\n\n<p>Les donn\u00e9es \u00e0 caract\u00e8re personnel des clients ou des fournisseurs sont trait\u00e9es par TradeMax dans le but de<br\/>objectif(s) suivant(s) :<\/p>\n\n<ul class=\"wp-block-list\"><li>Objectifs administratifs ;<\/li><li>Communication sur la mission et\/ou les invitations ;<\/li><li>Ex\u00e9cuter ou \u00e9mettre un ordre.<\/li><\/ul>\n\n<p>La base de ces donn\u00e9es personnelles est :<\/p>\n\n<ul class=\"wp-block-list\"><li>L&rsquo;ordre convenu ;<\/li><\/ul>\n\n<p>Aux fins susmentionn\u00e9es, TradeMax peut vous demander de fournir les donn\u00e9es personnelles suivantes :<\/p>\n\n<ul class=\"wp-block-list\"><li>Pr\u00e9nom ;<\/li><li>Ins\u00e9rer ;<\/li><li>Nom de famille ;<\/li><li>Num\u00e9ro de t\u00e9l\u00e9phone (professionnel) ;<\/li><li>(Entreprise) Adresse \u00e9lectronique ;<\/li><li>Genre.<\/li><\/ul>\n\n<p>Vos donn\u00e9es personnelles seront stock\u00e9es par TradeMax pour le(s) traitement(s) susmentionn\u00e9(s) pendant la p\u00e9riode :<\/p>\n\n<ul class=\"wp-block-list\"><li>Pendant la dur\u00e9e de l&rsquo;accord, puis uniquement dans les registres financiers pendant une p\u00e9riode maximale de 7 ans.<\/li><\/ul>\n","protected":false},"excerpt":{"rendered":"<p>TradeMax s&rsquo;engage \u00e0 prot\u00e9ger vos donn\u00e9es personnelles. La pr\u00e9sente politique de confidentialit\u00e9 vise \u00e0 fournir des informations claires et transparentes sur la mani\u00e8re dont nous traitons les donn\u00e9es \u00e0 caract\u00e8re personnel. Nous nous engageons \u00e0 respecter votre vie priv\u00e9e et traitons donc les donn\u00e9es personnelles avec soin. TradeMax respecte dans tous les cas les lois [&hellip;]<\/p>\n","protected":false},"author":1,"featured_media":0,"parent":0,"menu_order":0,"comment_status":"closed","ping_status":"closed","template":"page-templates\/terms.php","meta":{"_acf_changed":false,"footnotes":""},"class_list":["post-1065","page","type-page","status-publish","hentry"],"acf":[],"_links":{"self":[{"href":"https:\/\/trademax.nu\/fr\/wp-json\/wp\/v2\/pages\/1065","targetHints":{"allow":["GET"]}}],"collection":[{"href":"https:\/\/trademax.nu\/fr\/wp-json\/wp\/v2\/pages"}],"about":[{"href":"https:\/\/trademax.nu\/fr\/wp-json\/wp\/v2\/types\/page"}],"author":[{"embeddable":true,"href":"https:\/\/trademax.nu\/fr\/wp-json\/wp\/v2\/users\/1"}],"replies":[{"embeddable":true,"href":"https:\/\/trademax.nu\/fr\/wp-json\/wp\/v2\/comments?post=1065"}],"version-history":[{"count":1,"href":"https:\/\/trademax.nu\/fr\/wp-json\/wp\/v2\/pages\/1065\/revisions"}],"predecessor-version":[{"id":1066,"href":"https:\/\/trademax.nu\/fr\/wp-json\/wp\/v2\/pages\/1065\/revisions\/1066"}],"wp:attachment":[{"href":"https:\/\/trademax.nu\/fr\/wp-json\/wp\/v2\/media?parent=1065"}],"curies":[{"name":"wp","href":"https:\/\/api.w.org\/{rel}","templated":true}]}}