{"id":1048,"date":"2022-12-06T15:01:20","date_gmt":"2022-12-06T15:01:20","guid":{"rendered":"https:\/\/trademax.moonly.dev\/clause-de-non-responsabilite\/"},"modified":"2023-10-02T08:58:29","modified_gmt":"2023-10-02T08:58:29","slug":"clause-de-non-responsabilite","status":"publish","type":"page","link":"https:\/\/trademax.nu\/fr\/clause-de-non-responsabilite\/","title":{"rendered":"Clause de non-responsabilit\u00e9"},"content":{"rendered":"\n<p>Malgr\u00e9 le soin et l&rsquo;attention constants que nous apportons \u00e0 la composition du site web et du syst\u00e8me de traitement des commandes eBag, il est possible que les informations qui y sont publi\u00e9es soient incompl\u00e8tes ou incorrectes.<\/p>\n\n<p>Les informations figurant sur le site web et dans l&rsquo;eBag sont r\u00e9guli\u00e8rement mises \u00e0 jour. Toute modification peut \u00eatre apport\u00e9e \u00e0 tout moment avec effet imm\u00e9diat et sans pr\u00e9avis.<\/p>\n\n<p>Un visiteur du site web et d&rsquo;eBag n&rsquo;est pas autoris\u00e9 \u00e0 divulguer ou \u00e0 reproduire les textes, images ou autres informations prot\u00e9g\u00e9es par le droit d&rsquo;auteur et stock\u00e9es sur le site web sans l&rsquo;autorisation \u00e9crite de TradeMax.<\/p>\n\n<p>Nous utilisons des cookies aux fins suivantes : analyse statistique des visites sur notre site dans le but de l&rsquo;am\u00e9liorer. Aucune donn\u00e9e personnelle n&rsquo;est collect\u00e9e. Si vous ne souhaitez pas que nous utilisions des cookies, vous devez d\u00e9sactiver les cookies dans votre navigateur. Si vous acceptez les cookies, ils resteront dans votre ordinateur jusqu&rsquo;\u00e0 deux ans, \u00e0 moins que vous ne les supprimiez. La d\u00e9sactivation des cookies peut limiter votre utilisation de notre site web et de nos services.<\/p>\n\n<p>Nous excluons toute responsabilit\u00e9 pour les dommages directs ou indirects de quelque nature que ce soit d\u00e9coulant de l&rsquo;utilisation du site web et du syst\u00e8me de traitement des commandes eBag, ou de l&rsquo;impossibilit\u00e9 temporaire d&rsquo;acc\u00e9der au site ou \u00e0 eBag, ou y \u00e9tant li\u00e9s de quelque mani\u00e8re que ce soit. Nous ne sommes pas non plus responsables des dommages directs ou indirects r\u00e9sultant de l&rsquo;utilisation des informations obtenues sur le site web ou par l&rsquo;interm\u00e9diaire d&rsquo;eBag.<\/p>\n\n<p>Nous ne pouvons pas garantir que les informations contenues dans le site web et dans eBag conviennent \u00e0 l&rsquo;usage auquel vous acc\u00e9dez. Toutes les informations, tous les produits et tous les services sont propos\u00e9s dans leur \u00e9tat actuel et sans aucune garantie (implicite) quant \u00e0 leur bien-fond\u00e9, leur ad\u00e9quation \u00e0 un usage particulier ou autre.<\/p>\n\n<p>Lors de la publication d&rsquo;informations sur le site web et dans l&rsquo;eBag, nous nous sommes efforc\u00e9s de respecter les obligations impos\u00e9es par la loi sur les droits d&rsquo;auteur de 1912 en ce qui concerne l&rsquo;utilisation de textes prot\u00e9g\u00e9s par des droits d&rsquo;auteur et l&rsquo;utilisation d&rsquo;illustrations pr\u00e9existantes. Toutefois, si quelqu&rsquo;un pense avoir droit \u00e0 l&rsquo;un des textes ou illustrations, il est pri\u00e9 de s&rsquo;adresser \u00e0<\/p>\n\n<p>TradeMax<br\/>De Amert 204<br\/>5462 GH Veghel<br\/>\u00c0 l&rsquo;attention du r\u00e9dacteur en chef de TradeMax<\/p>\n","protected":false},"excerpt":{"rendered":"<p>Malgr\u00e9 le soin et l&rsquo;attention constants que nous apportons \u00e0 la composition du site web et du syst\u00e8me de traitement des commandes eBag, il est possible que les informations qui y sont publi\u00e9es soient incompl\u00e8tes ou incorrectes. Les informations figurant sur le site web et dans l&rsquo;eBag sont r\u00e9guli\u00e8rement mises \u00e0 jour. Toute modification peut [&hellip;]<\/p>\n","protected":false},"author":1,"featured_media":0,"parent":0,"menu_order":0,"comment_status":"closed","ping_status":"closed","template":"page-templates\/terms.php","meta":{"_acf_changed":false,"footnotes":""},"class_list":["post-1048","page","type-page","status-publish","hentry"],"acf":[],"_links":{"self":[{"href":"https:\/\/trademax.nu\/fr\/wp-json\/wp\/v2\/pages\/1048","targetHints":{"allow":["GET"]}}],"collection":[{"href":"https:\/\/trademax.nu\/fr\/wp-json\/wp\/v2\/pages"}],"about":[{"href":"https:\/\/trademax.nu\/fr\/wp-json\/wp\/v2\/types\/page"}],"author":[{"embeddable":true,"href":"https:\/\/trademax.nu\/fr\/wp-json\/wp\/v2\/users\/1"}],"replies":[{"embeddable":true,"href":"https:\/\/trademax.nu\/fr\/wp-json\/wp\/v2\/comments?post=1048"}],"version-history":[{"count":1,"href":"https:\/\/trademax.nu\/fr\/wp-json\/wp\/v2\/pages\/1048\/revisions"}],"predecessor-version":[{"id":1049,"href":"https:\/\/trademax.nu\/fr\/wp-json\/wp\/v2\/pages\/1048\/revisions\/1049"}],"wp:attachment":[{"href":"https:\/\/trademax.nu\/fr\/wp-json\/wp\/v2\/media?parent=1048"}],"curies":[{"name":"wp","href":"https:\/\/api.w.org\/{rel}","templated":true}]}}