{"id":1068,"date":"2022-10-27T12:30:16","date_gmt":"2022-10-27T12:30:16","guid":{"rendered":"https:\/\/trademax.moonly.dev\/erklaerung-zum-datenschutz\/"},"modified":"2023-10-02T09:30:50","modified_gmt":"2023-10-02T09:30:50","slug":"erklaerung-zum-datenschutz","status":"publish","type":"page","link":"https:\/\/trademax.nu\/de\/erklaerung-zum-datenschutz\/","title":{"rendered":"Erkl\u00e4rung zum Datenschutz"},"content":{"rendered":"\n<p>TradeMax verpflichtet sich, Ihre pers\u00f6nlichen Daten zu sch\u00fctzen. Mit dieser Datenschutzerkl\u00e4rung m\u00f6chten wir klar und transparent dar\u00fcber informieren, wie wir mit personenbezogenen Daten umgehen. Wir verpflichten uns, Ihre Privatsph\u00e4re zu sch\u00fctzen und gehen daher sorgf\u00e4ltig mit personenbezogenen Daten um. TradeMax h\u00e4lt sich in allen F\u00e4llen an die geltenden Gesetze und Vorschriften, einschlie\u00dflich der Allgemeinen Datenschutzverordnung. Dies beinhaltet mindestens:<\/p>\n\n<ul class=\"wp-block-list\"><li>Ihre personenbezogenen Daten in \u00dcbereinstimmung mit dem Zweck zu verarbeiten, f\u00fcr den sie zur Verf\u00fcgung gestellt wurden; diese Zwecke und Arten personenbezogener Daten sind in dieser Datenschutzrichtlinie beschrieben;<\/li><li>Die Verarbeitung Ihrer personenbezogenen Daten beschr\u00e4nkt sich auf die Daten, die f\u00fcr die Zwecke, f\u00fcr die sie verarbeitet werden, unbedingt erforderlich sind;<\/li><li>Wir bitten Sie um Ihre ausdr\u00fcckliche Zustimmung, wenn wir diese f\u00fcr die Verarbeitung Ihrer personenbezogenen Daten ben\u00f6tigen;<\/li><li>geeignete technische und organisatorische Ma\u00dfnahmen getroffen haben, um die Sicherheit Ihrer personenbezogenen Daten zu gew\u00e4hrleisten;<\/li><li>Wir geben personenbezogene Daten nicht an Dritte weiter, es sei denn, dies ist f\u00fcr die Erf\u00fcllung der Zwecke, f\u00fcr die sie zur Verf\u00fcgung gestellt wurden, erforderlich;<\/li><li>Wir kennen Ihre Rechte in Bezug auf Ihre pers\u00f6nlichen Daten, wollen Sie darauf aufmerksam machen und sie respektieren.<\/li><\/ul>\n\n<p>Als TradeMax sind wir f\u00fcr die Verarbeitung Ihrer personenbezogenen Daten verantwortlich. Wenn Sie nach der Lekt\u00fcre unserer Datenschutzrichtlinie oder ganz allgemein Fragen dazu haben oder mit uns Kontakt aufnehmen m\u00f6chten, k\u00f6nnen Sie dies unter der folgenden E-Mail-Adresse tun: privacy@trademax.nu.<\/p>\n\n<h2 class=\"wp-block-heading\">Verarbeitung von personenbezogenen Daten von Kunden oder Lieferanten<\/h2>\n\n<p>Personenbezogene Daten von Kunden oder Lieferanten werden von TradeMax zum Zweck der<br\/>folgende(s) Ziel(e):<\/p>\n\n<ul class=\"wp-block-list\"><li>Administrative Zwecke;<\/li><li>Kommunikation \u00fcber den Auftrag und\/oder Einladungen;<\/li><li>Vollstreckung oder Erteilung eines Auftrags.<\/li><\/ul>\n\n<p>Grundlage f\u00fcr diese personenbezogenen Daten ist:<\/p>\n\n<ul class=\"wp-block-list\"><li>Die vereinbarte Reihenfolge;<\/li><\/ul>\n\n<p>F\u00fcr den\/die oben genannten Zweck(e) kann TradeMax die folgenden personenbezogenen Daten von Ihnen anfordern:<\/p>\n\n<ul class=\"wp-block-list\"><li>Vornamen;<\/li><li>Einf\u00fcgen;<\/li><li>Nachname;<\/li><li>(Gesch\u00e4ftliche) Telefonnummer;<\/li><li>(Gesch\u00e4fts-)E-Mail Adresse;<\/li><li>Geschlecht.<\/li><\/ul>\n\n<p>Ihre pers\u00f6nlichen Daten werden von TradeMax f\u00fcr die oben genannte(n) Verarbeitung(en) f\u00fcr den Zeitraum gespeichert:<\/p>\n\n<ul class=\"wp-block-list\"><li>F\u00fcr die Dauer der Vereinbarung und dann nur in den Finanzunterlagen f\u00fcr bis zu 7 Jahre<\/li><\/ul>\n","protected":false},"excerpt":{"rendered":"<p>TradeMax verpflichtet sich, Ihre pers\u00f6nlichen Daten zu sch\u00fctzen. Mit dieser Datenschutzerkl\u00e4rung m\u00f6chten wir klar und transparent dar\u00fcber informieren, wie wir mit personenbezogenen Daten umgehen. Wir verpflichten uns, Ihre Privatsph\u00e4re zu sch\u00fctzen und gehen daher sorgf\u00e4ltig mit personenbezogenen Daten um. TradeMax h\u00e4lt sich in allen F\u00e4llen an die geltenden Gesetze und Vorschriften, einschlie\u00dflich der Allgemeinen Datenschutzverordnung. [&hellip;]<\/p>\n","protected":false},"author":1,"featured_media":0,"parent":0,"menu_order":0,"comment_status":"closed","ping_status":"closed","template":"page-templates\/terms.php","meta":{"_acf_changed":false,"footnotes":""},"class_list":["post-1068","page","type-page","status-publish","hentry"],"acf":[],"_links":{"self":[{"href":"https:\/\/trademax.nu\/de\/wp-json\/wp\/v2\/pages\/1068","targetHints":{"allow":["GET"]}}],"collection":[{"href":"https:\/\/trademax.nu\/de\/wp-json\/wp\/v2\/pages"}],"about":[{"href":"https:\/\/trademax.nu\/de\/wp-json\/wp\/v2\/types\/page"}],"author":[{"embeddable":true,"href":"https:\/\/trademax.nu\/de\/wp-json\/wp\/v2\/users\/1"}],"replies":[{"embeddable":true,"href":"https:\/\/trademax.nu\/de\/wp-json\/wp\/v2\/comments?post=1068"}],"version-history":[{"count":1,"href":"https:\/\/trademax.nu\/de\/wp-json\/wp\/v2\/pages\/1068\/revisions"}],"predecessor-version":[{"id":1069,"href":"https:\/\/trademax.nu\/de\/wp-json\/wp\/v2\/pages\/1068\/revisions\/1069"}],"wp:attachment":[{"href":"https:\/\/trademax.nu\/de\/wp-json\/wp\/v2\/media?parent=1068"}],"curies":[{"name":"wp","href":"https:\/\/api.w.org\/{rel}","templated":true}]}}