{"id":1050,"date":"2022-12-06T15:01:20","date_gmt":"2022-12-06T15:01:20","guid":{"rendered":"https:\/\/trademax.moonly.dev\/haftungsausschluss\/"},"modified":"2023-10-02T08:58:54","modified_gmt":"2023-10-02T08:58:54","slug":"haftungsausschluss","status":"publish","type":"page","link":"https:\/\/trademax.nu\/de\/haftungsausschluss\/","title":{"rendered":"Haftungsausschluss"},"content":{"rendered":"\n<p>Trotz der st\u00e4ndigen Sorgfalt und Aufmerksamkeit, die wir der Zusammenstellung der Website und des Bestellsystems eBag widmen, ist es m\u00f6glich, dass die dort ver\u00f6ffentlichten Informationen unvollst\u00e4ndig oder falsch sind.<\/p>\n\n<p>Die Informationen auf der Website und in eBag werden regelm\u00e4\u00dfig aktualisiert. Etwaige \u00c4nderungen k\u00f6nnen jederzeit mit sofortiger Wirkung und ohne Vorank\u00fcndigung vorgenommen werden.<\/p>\n\n<p>Ein Besucher der Website und der eBag darf die urheberrechtlich gesch\u00fctzten Texte, Bilder oder sonstigen Informationen, die auf der Website gespeichert sind, nicht ohne schriftliche Genehmigung von TradeMax ver\u00f6ffentlichen oder vervielf\u00e4ltigen.<\/p>\n\n<p>Wir verwenden Cookies f\u00fcr folgende Zwecke: zur statistischen Analyse der Besuche auf unserer Website mit dem Ziel, unsere Website zu verbessern. Es werden keine personenbezogenen Daten erhoben. Wenn Sie nicht m\u00f6chten, dass wir Cookies verwenden, sollten Sie in Ihrem Browser die Option &#8222;Cookies aus&#8220; einstellen. Wenn Sie die Cookies akzeptieren, bleiben sie bis zu 2 Jahre lang auf Ihrem Computer gespeichert, sofern Sie sie nicht l\u00f6schen. Die Deaktivierung von Cookies kann Ihre Nutzung unserer Website und Dienste einschr\u00e4nken.<\/p>\n\n<p>Wir schlie\u00dfen jegliche Haftung f\u00fcr direkte oder indirekte Sch\u00e4den jeglicher Art aus, die sich aus der Nutzung der Website und des Auftragsabwicklungssystems eBag oder aus der vor\u00fcbergehenden Unm\u00f6glichkeit des Zugriffs auf die Website oder eBag ergeben oder in irgendeiner Weise damit zusammenh\u00e4ngen. Wir haften auch nicht f\u00fcr direkte oder indirekte Sch\u00e4den, die sich aus der Nutzung von Informationen ergeben, die \u00fcber die Website oder \u00fcber eBag erhalten wurden.<\/p>\n\n<p>Wir k\u00f6nnen nicht garantieren, dass die Informationen auf der Website und in eBag f\u00fcr den Zweck geeignet sind, f\u00fcr den Sie die Informationen abrufen. Alle Informationen, Produkte und Dienstleistungen werden in ihrem aktuellen Zustand und ohne jegliche (implizite) Garantie oder Gew\u00e4hrleistung in Bezug auf ihre Tauglichkeit, Eignung f\u00fcr einen bestimmten Zweck oder sonstiges angeboten.<\/p>\n\n<p>Bei der Ver\u00f6ffentlichung von Informationen auf der Website und in der eBag wurde sorgf\u00e4ltig darauf geachtet, dass die Verpflichtungen aus dem Copyright Act 1912 bez\u00fcglich der Verwendung von urheberrechtlich gesch\u00fctzten Texten und der Verwendung bereits vorhandener Abbildungen eingehalten werden. Sollte jemand der Meinung sein, dass er ein Recht auf einen der Texte oder Abbildungen hat, wenden Sie sich bitte an:<\/p>\n\n<p>TradeMax<br\/>De Amert 204<br\/>5462 GH Veghel<br\/>Zu H\u00e4nden: TradeMax Web Editor<\/p>\n","protected":false},"excerpt":{"rendered":"<p>Trotz der st\u00e4ndigen Sorgfalt und Aufmerksamkeit, die wir der Zusammenstellung der Website und des Bestellsystems eBag widmen, ist es m\u00f6glich, dass die dort ver\u00f6ffentlichten Informationen unvollst\u00e4ndig oder falsch sind. Die Informationen auf der Website und in eBag werden regelm\u00e4\u00dfig aktualisiert. Etwaige \u00c4nderungen k\u00f6nnen jederzeit mit sofortiger Wirkung und ohne Vorank\u00fcndigung vorgenommen werden. Ein Besucher der [&hellip;]<\/p>\n","protected":false},"author":1,"featured_media":0,"parent":0,"menu_order":0,"comment_status":"closed","ping_status":"closed","template":"page-templates\/terms.php","meta":{"_acf_changed":false,"footnotes":""},"class_list":["post-1050","page","type-page","status-publish","hentry"],"acf":[],"_links":{"self":[{"href":"https:\/\/trademax.nu\/de\/wp-json\/wp\/v2\/pages\/1050","targetHints":{"allow":["GET"]}}],"collection":[{"href":"https:\/\/trademax.nu\/de\/wp-json\/wp\/v2\/pages"}],"about":[{"href":"https:\/\/trademax.nu\/de\/wp-json\/wp\/v2\/types\/page"}],"author":[{"embeddable":true,"href":"https:\/\/trademax.nu\/de\/wp-json\/wp\/v2\/users\/1"}],"replies":[{"embeddable":true,"href":"https:\/\/trademax.nu\/de\/wp-json\/wp\/v2\/comments?post=1050"}],"version-history":[{"count":1,"href":"https:\/\/trademax.nu\/de\/wp-json\/wp\/v2\/pages\/1050\/revisions"}],"predecessor-version":[{"id":1051,"href":"https:\/\/trademax.nu\/de\/wp-json\/wp\/v2\/pages\/1050\/revisions\/1051"}],"wp:attachment":[{"href":"https:\/\/trademax.nu\/de\/wp-json\/wp\/v2\/media?parent=1050"}],"curies":[{"name":"wp","href":"https:\/\/api.w.org\/{rel}","templated":true}]}}